{"id":126,"date":"2025-01-22T16:55:21","date_gmt":"2025-01-22T14:55:21","guid":{"rendered":"https:\/\/twsfi-wp29308.test.cchosting.fi\/?page_id=126"},"modified":"2026-03-13T12:38:27","modified_gmt":"2026-03-13T10:38:27","slug":"palvelut","status":"publish","type":"page","link":"https:\/\/tws.fi\/en\/palvelut\/","title":{"rendered":"Services"},"content":{"rendered":"<div data-elementor-type=\"wp-page\" data-elementor-id=\"126\" class=\"elementor elementor-126\" data-elementor-post-type=\"page\">\n\t\t\t\t<div class=\"elementor-element elementor-element-43f703a e-con-full e-flex e-con e-parent\" data-id=\"43f703a\" data-element_type=\"container\">\n\t\t<div class=\"elementor-element elementor-element-21a9f1a e-con-full e-flex e-con e-child\" data-id=\"21a9f1a\" data-element_type=\"container\" data-settings=\"{&quot;background_background&quot;:&quot;classic&quot;}\">\n\t\t\t\t<div class=\"elementor-element elementor-element-8735777 elementor-widget elementor-widget-video\" data-id=\"8735777\" data-element_type=\"widget\" data-settings=\"{&quot;video_type&quot;:&quot;hosted&quot;,&quot;autoplay&quot;:&quot;yes&quot;,&quot;play_on_mobile&quot;:&quot;yes&quot;,&quot;mute&quot;:&quot;yes&quot;,&quot;loop&quot;:&quot;yes&quot;,&quot;controls&quot;:&quot;yes&quot;}\" data-widget_type=\"video.default\">\n\t\t\t\t<div class=\"elementor-widget-container\">\n\t\t\t\t\t\t\t<div class=\"e-hosted-video elementor-wrapper elementor-open-inline\">\n\t\t\t\t\t<video class=\"elementor-video\" src=\"https:\/\/tws.fi\/wp-content\/uploads\/2025\/04\/TWS-palvelu-kuljetuksille.mp4\" autoplay=\"\" loop=\"\" controls=\"\" muted=\"muted\" playsinline=\"\" controlslist=\"nodownload\" poster=\"https:\/\/tws.fi\/wp-content\/uploads\/2025\/01\/tws-palvelukuvaus-mobiili.png\"><\/video>\n\t\t\t\t<\/div>\n\t\t\t\t\t\t<\/div>\n\t\t\t\t<\/div>\n\t\t\t\t<\/div>\n\t\t<div class=\"elementor-element elementor-element-44dc491 e-con-full e-flex e-con e-child\" data-id=\"44dc491\" data-element_type=\"container\">\n\t\t<div class=\"elementor-element elementor-element-915b08f e-con-full e-flex e-con e-child\" data-id=\"915b08f\" data-element_type=\"container\">\n\t\t\t\t<div class=\"elementor-element elementor-element-fa436ee elementor-widget elementor-widget-heading\" data-id=\"fa436ee\" data-element_type=\"widget\" data-widget_type=\"heading.default\">\n\t\t\t\t<div class=\"elementor-widget-container\">\n\t\t\t\t\t<h1 class=\"elementor-heading-title elementor-size-default\">Services<\/h1>\t\t\t\t<\/div>\n\t\t\t\t<\/div>\n\t\t\t\t<div class=\"elementor-element elementor-element-361a131 elementor-widget elementor-widget-text-editor\" data-id=\"361a131\" data-element_type=\"widget\" data-widget_type=\"text-editor.default\">\n\t\t\t\t<div class=\"elementor-widget-container\">\n\t\t\t\t\t\t\t\t\t<p>Do you need help in transportation and forwarding?<\/p><p>Whether you are importing from Asia or sending goods around the world, we are here to help!<\/p>\t\t\t\t\t\t\t\t<\/div>\n\t\t\t\t<\/div>\n\t\t\t\t<div class=\"elementor-element elementor-element-69fd954 elementor-widget elementor-widget-spacer\" data-id=\"69fd954\" data-element_type=\"widget\" data-widget_type=\"spacer.default\">\n\t\t\t\t<div class=\"elementor-widget-container\">\n\t\t\t\t\t\t\t<div class=\"elementor-spacer\">\n\t\t\t<div class=\"elementor-spacer-inner\"><\/div>\n\t\t<\/div>\n\t\t\t\t\t\t<\/div>\n\t\t\t\t<\/div>\n\t\t\t\t<div class=\"elementor-element elementor-element-2dc512e elementor-widget elementor-widget-button\" data-id=\"2dc512e\" data-element_type=\"widget\" data-widget_type=\"button.default\">\n\t\t\t\t<div class=\"elementor-widget-container\">\n\t\t\t\t\t\t\t\t\t<div class=\"elementor-button-wrapper\">\n\t\t\t\t\t<a class=\"elementor-button elementor-button-link elementor-size-sm\" href=\"#yhteys\">\n\t\t\t\t\t\t<span class=\"elementor-button-content-wrapper\">\n\t\t\t\t\t\t\t\t\t<span class=\"elementor-button-text\">Contact us<\/span>\n\t\t\t\t\t<\/span>\n\t\t\t\t\t<\/a>\n\t\t\t\t<\/div>\n\t\t\t\t\t\t\t\t<\/div>\n\t\t\t\t<\/div>\n\t\t\t\t<\/div>\n\t\t\t\t<\/div>\n\t\t\t\t<\/div>\n\t\t<div class=\"elementor-element elementor-element-8ccf7c4 e-con-full e-flex e-con e-parent\" data-id=\"8ccf7c4\" data-element_type=\"container\">\n\t\t<div class=\"elementor-element elementor-element-bb0a8a0 e-con-full e-flex e-con e-child\" data-id=\"bb0a8a0\" data-element_type=\"container\" id=\"kuljetukset\">\n\t\t\t\t<div class=\"elementor-element elementor-element-ab2e8f3 elementor-widget elementor-widget-heading\" data-id=\"ab2e8f3\" data-element_type=\"widget\" data-widget_type=\"heading.default\">\n\t\t\t\t<div class=\"elementor-widget-container\">\n\t\t\t\t\t<h2 class=\"elementor-heading-title elementor-size-default\">Transportation<\/h2>\t\t\t\t<\/div>\n\t\t\t\t<\/div>\n\t\t\t\t<div class=\"elementor-element elementor-element-2455766 elementor-widget elementor-widget-text-editor\" data-id=\"2455766\" data-element_type=\"widget\" data-widget_type=\"text-editor.default\">\n\t\t\t\t<div class=\"elementor-widget-container\">\n\t\t\t\t\t\t\t\t\t<p>We handle all types of shipments worldwide. Our services include sea, air, road, and rail transportation. In addition, we manage special cargo shipments such as excavators, cars, and other oversized goods.<\/p>\t\t\t\t\t\t\t\t<\/div>\n\t\t\t\t<\/div>\n\t\t\t\t<\/div>\n\t\t<div class=\"elementor-element elementor-element-cae9708 e-con-full e-flex e-con e-child\" data-id=\"cae9708\" data-element_type=\"container\" data-settings=\"{&quot;background_background&quot;:&quot;classic&quot;}\">\n\t\t\t\t<\/div>\n\t\t\t\t<\/div>\n\t\t<div class=\"elementor-element elementor-element-2625fcd e-con-full e-flex e-con e-parent\" data-id=\"2625fcd\" data-element_type=\"container\">\n\t\t<div class=\"elementor-element elementor-element-b95390e e-con-full e-flex e-con e-child\" data-id=\"b95390e\" data-element_type=\"container\" data-settings=\"{&quot;background_background&quot;:&quot;classic&quot;}\">\n\t\t\t\t<\/div>\n\t\t<div class=\"elementor-element elementor-element-4ff2279 e-con-full e-flex e-con e-child\" data-id=\"4ff2279\" data-element_type=\"container\" id=\"tullaus\">\n\t\t\t\t<div class=\"elementor-element elementor-element-7380583 elementor-widget elementor-widget-heading\" data-id=\"7380583\" data-element_type=\"widget\" data-widget_type=\"heading.default\">\n\t\t\t\t<div class=\"elementor-widget-container\">\n\t\t\t\t\t<h2 class=\"elementor-heading-title elementor-size-default\">Customs Clearance and Forwarding<\/h2>\t\t\t\t<\/div>\n\t\t\t\t<\/div>\n\t\t\t\t<div class=\"elementor-element elementor-element-bfe19f0 elementor-widget elementor-widget-text-editor\" data-id=\"bfe19f0\" data-element_type=\"widget\" data-widget_type=\"text-editor.default\">\n\t\t\t\t<div class=\"elementor-widget-container\">\n\t\t\t\t\t\t\t\t\t<p>We can take care of customs clearance and all documentation involved. If needed, we are able to help you in every stage of forwarding. We also offer storage services for both short-term and long-term needs. Through our customs procedures we handle a wide range of goods \u2014 from solar panels to food products and from pipes to postal parcels.<\/p>\n<p class=\"MsoNormal\">\n<\/p>\t\t\t\t\t\t\t\t<\/div>\n\t\t\t\t<\/div>\n\t\t\t\t<\/div>\n\t\t\t\t<\/div>\n\t\t<div class=\"elementor-element elementor-element-1840319 e-con-full e-flex e-con e-parent\" data-id=\"1840319\" data-element_type=\"container\">\n\t\t<div class=\"elementor-element elementor-element-3d0b791 e-con-full e-flex e-con e-child\" data-id=\"3d0b791\" data-element_type=\"container\" id=\"rahdin-kilpailutus\">\n\t\t\t\t<div class=\"elementor-element elementor-element-76bf26a elementor-widget elementor-widget-heading\" data-id=\"76bf26a\" data-element_type=\"widget\" data-widget_type=\"heading.default\">\n\t\t\t\t<div class=\"elementor-widget-container\">\n\t\t\t\t\t<h2 class=\"elementor-heading-title elementor-size-default\">Freight Tendering<\/h2>\t\t\t\t<\/div>\n\t\t\t\t<\/div>\n\t\t\t\t<div class=\"elementor-element elementor-element-50d25e3 elementor-widget elementor-widget-text-editor\" data-id=\"50d25e3\" data-element_type=\"widget\" data-widget_type=\"text-editor.default\">\n\t\t\t\t<div class=\"elementor-widget-container\">\n\t\t\t\t\t\t\t\t\t<p>We find the most suitable transport solution for your shipment and compare freight rates on your behalf. As an independent company, we are able to offer services from all shipping lines and airlines without the pressure of global contract limitations.<\/p>\t\t\t\t\t\t\t\t<\/div>\n\t\t\t\t<\/div>\n\t\t\t\t<\/div>\n\t\t<div class=\"elementor-element elementor-element-0c48945 e-con-full e-flex e-con e-child\" data-id=\"0c48945\" data-element_type=\"container\" data-settings=\"{&quot;background_background&quot;:&quot;classic&quot;}\">\n\t\t\t\t<\/div>\n\t\t\t\t<\/div>\n\t\t<div class=\"elementor-element elementor-element-b3f98b5 e-con-full e-flex e-con e-parent\" data-id=\"b3f98b5\" data-element_type=\"container\">\n\t\t<div class=\"elementor-element elementor-element-a867abd e-con-full e-flex e-con e-child\" data-id=\"a867abd\" data-element_type=\"container\" data-settings=\"{&quot;background_background&quot;:&quot;classic&quot;}\">\n\t\t\t\t<\/div>\n\t\t<div class=\"elementor-element elementor-element-2166d27 e-con-full e-flex e-con e-child\" data-id=\"2166d27\" data-element_type=\"container\" id=\"neuvonta\">\n\t\t\t\t<div class=\"elementor-element elementor-element-6edcc5c elementor-widget elementor-widget-heading\" data-id=\"6edcc5c\" data-element_type=\"widget\" data-widget_type=\"heading.default\">\n\t\t\t\t<div class=\"elementor-widget-container\">\n\t\t\t\t\t<h2 class=\"elementor-heading-title elementor-size-default\">Information and Customer Service<\/h2>\t\t\t\t<\/div>\n\t\t\t\t<\/div>\n\t\t\t\t<div class=\"elementor-element elementor-element-49b1300 elementor-widget elementor-widget-text-editor\" data-id=\"49b1300\" data-element_type=\"widget\" data-widget_type=\"text-editor.default\">\n\t\t\t\t<div class=\"elementor-widget-container\">\n\t\t\t\t\t\t\t\t\t<p>What ever your logistic problem might be, we will customize a solution for you. We will solve any matter quickly and professionally. If you have any questions about our services, don\u2019t hesitate to contact us!<\/p>\t\t\t\t\t\t\t\t<\/div>\n\t\t\t\t<\/div>\n\t\t\t\t<\/div>\n\t\t\t\t<\/div>\n\t\t<div class=\"elementor-element elementor-element-841af5d e-con-full e-flex e-con e-parent\" data-id=\"841af5d\" data-element_type=\"container\" data-settings=\"{&quot;background_background&quot;:&quot;classic&quot;}\">\n\t\t<div class=\"elementor-element elementor-element-a8d9906 e-con-full e-flex e-con e-child\" data-id=\"a8d9906\" data-element_type=\"container\">\n\t\t<div class=\"elementor-element elementor-element-6e0498e e-con-full e-flex e-con e-child\" data-id=\"6e0498e\" data-element_type=\"container\" id=\"yhteys\">\n\t\t<div class=\"elementor-element elementor-element-20e700e e-con-full e-flex e-con e-child\" data-id=\"20e700e\" data-element_type=\"container\">\n\t\t\t\t<div class=\"elementor-element elementor-element-ab07a7c elementor-widget elementor-widget-heading\" data-id=\"ab07a7c\" data-element_type=\"widget\" data-widget_type=\"heading.default\">\n\t\t\t\t<div class=\"elementor-widget-container\">\n\t\t\t\t\t<h2 class=\"elementor-heading-title elementor-size-default\">Contact us<\/h2>\t\t\t\t<\/div>\n\t\t\t\t<\/div>\n\t\t\t\t<div class=\"elementor-element elementor-element-54d085b elementor-widget elementor-widget-text-editor\" data-id=\"54d085b\" data-element_type=\"widget\" data-widget_type=\"text-editor.default\">\n\t\t\t\t<div class=\"elementor-widget-container\">\n\t\t\t\t\t\t\t\t\t<p>Call us <a href=\"tel:+358106177200\"><strong>+358 10 6177 200<\/strong><\/a> or get in touch using the form below:<\/p>\t\t\t\t\t\t\t\t<\/div>\n\t\t\t\t<\/div>\n\t\t\t\t<div class=\"elementor-element elementor-element-09287a7 elementor-button-align-start elementor-widget elementor-widget-form\" data-id=\"09287a7\" data-element_type=\"widget\" data-settings=\"{&quot;step_next_label&quot;:&quot;Next&quot;,&quot;step_previous_label&quot;:&quot;Previous&quot;,&quot;button_width&quot;:&quot;100&quot;,&quot;step_type&quot;:&quot;number_text&quot;,&quot;step_icon_shape&quot;:&quot;circle&quot;}\" data-widget_type=\"form.default\">\n\t\t\t\t<div class=\"elementor-widget-container\">\n\t\t\t\t\t\t\t<form class=\"elementor-form\" method=\"post\" name=\"Yhteydenotto\" action=\"\">\n\t\t\t<input type=\"hidden\" name=\"post_id\" value=\"126\"\/>\n\t\t\t<input type=\"hidden\" name=\"form_id\" value=\"09287a7\"\/>\n\t\t\t<input type=\"hidden\" name=\"referer_title\" value=\"\" \/>\n\n\t\t\t\n\t\t\t<div class=\"elementor-form-fields-wrapper elementor-labels-above\">\n\t\t\t\t\t\t\t\t<div class=\"elementor-field-type-text elementor-field-group elementor-column elementor-field-group-name elementor-col-50\">\n\t\t\t\t\t\t\t\t\t\t\t\t<label for=\"form-field-name\" class=\"elementor-field-label\">\n\t\t\t\t\t\t\t\tCompany\t\t\t\t\t\t\t<\/label>\n\t\t\t\t\t\t\t\t\t\t\t\t\t\t<input size=\"1\" type=\"text\" name=\"form_fields[name]\" id=\"form-field-name\" class=\"elementor-field elementor-size-sm  elementor-field-textual\" placeholder=\"Company name\">\n\t\t\t\t\t\t\t\t\t\t\t<\/div>\n\t\t\t\t\t\t\t\t<div class=\"elementor-field-type-tel elementor-field-group elementor-column elementor-field-group-tel elementor-col-50\">\n\t\t\t\t\t\t\t\t\t\t\t\t<label for=\"form-field-tel\" class=\"elementor-field-label\">\n\t\t\t\t\t\t\t\tPhone number\t\t\t\t\t\t\t<\/label>\n\t\t\t\t\t\t\t\t<input size=\"1\" type=\"tel\" name=\"form_fields[tel]\" id=\"form-field-tel\" class=\"elementor-field elementor-size-sm  elementor-field-textual\" placeholder=\"Phone number\" pattern=\"[0-9()#&amp;+*-=.]+\" title=\"Only numbers and phone characters (#, -, *, etc) are accepted.\">\n\n\t\t\t\t\t\t<\/div>\n\t\t\t\t\t\t\t\t<div class=\"elementor-field-type-email elementor-field-group elementor-column elementor-field-group-email elementor-col-100 elementor-field-required\">\n\t\t\t\t\t\t\t\t\t\t\t\t<label for=\"form-field-email\" class=\"elementor-field-label\">\n\t\t\t\t\t\t\t\tEmail\t\t\t\t\t\t\t<\/label>\n\t\t\t\t\t\t\t\t\t\t\t\t\t\t<input size=\"1\" type=\"email\" name=\"form_fields[email]\" id=\"form-field-email\" class=\"elementor-field elementor-size-sm  elementor-field-textual\" placeholder=\"Email\" required=\"required\">\n\t\t\t\t\t\t\t\t\t\t\t<\/div>\n\t\t\t\t\t\t\t\t<div class=\"elementor-field-type-textarea elementor-field-group elementor-column elementor-field-group-message elementor-col-100\">\n\t\t\t\t\t\t\t\t\t\t\t\t<label for=\"form-field-message\" class=\"elementor-field-label\">\n\t\t\t\t\t\t\t\tMessage\t\t\t\t\t\t\t<\/label>\n\t\t\t\t\t\t<textarea class=\"elementor-field-textual elementor-field  elementor-size-sm\" name=\"form_fields[message]\" id=\"form-field-message\" rows=\"4\" placeholder=\"How can we help?\"><\/textarea>\t\t\t\t<\/div>\n\t\t\t\t\t\t\t\t<div class=\"elementor-field-type-radio elementor-field-group elementor-column elementor-field-group-field_4369c99 elementor-col-100\">\n\t\t\t\t\t\t\t\t\t\t\t\t<label for=\"form-field-field_4369c99\" class=\"elementor-field-label\">\n\t\t\t\t\t\t\t\tI wish to be contacted by\t\t\t\t\t\t\t<\/label>\n\t\t\t\t\t\t<div class=\"elementor-field-subgroup  elementor-subgroup-inline\"><span class=\"elementor-field-option\"><input type=\"radio\" value=\"Puhelimitse\" id=\"form-field-field_4369c99-0\" name=\"form_fields[field_4369c99]\"> <label for=\"form-field-field_4369c99-0\">Phone<\/label><\/span><span class=\"elementor-field-option\"><input type=\"radio\" value=\"S\u00e4hk\u00f6postitse\" id=\"form-field-field_4369c99-1\" name=\"form_fields[field_4369c99]\"> <label for=\"form-field-field_4369c99-1\">Email<\/label><\/span><\/div>\t\t\t\t<\/div>\n\t\t\t\t\t\t\t\t<div class=\"elementor-field-type-html elementor-field-group elementor-column elementor-field-group-field_2acdd7f elementor-col-100 translation-block\">By sending a message, you agree to the processing of your personal data as described in <a href=\"\/en\/tietosuojaseloste\/\" target=\"_blank\" style=\"#fff;text-decoration:underline\">the privacy policy<\/a>.<\/div>\n\t\t\t\t\t\t\t\t<div class=\"elementor-field-group elementor-column elementor-field-type-submit elementor-col-100 e-form__buttons\">\n\t\t\t\t\t<button class=\"elementor-button elementor-size-sm\" type=\"submit\">\n\t\t\t\t\t\t<span class=\"elementor-button-content-wrapper\">\n\t\t\t\t\t\t\t\t\t\t\t\t\t\t\t\t\t\t\t\t\t\t<span class=\"elementor-button-text\">Submit<\/span>\n\t\t\t\t\t\t\t\t\t\t\t\t\t<\/span>\n\t\t\t\t\t<\/button>\n\t\t\t\t<\/div>\n\t\t\t<\/div>\n\t\t<input type=\"hidden\" name=\"trp-form-language\" value=\"en\"\/><\/form>\n\t\t\t\t\t\t<\/div>\n\t\t\t\t<\/div>\n\t\t\t\t<\/div>\n\t\t\t\t<\/div>\n\t\t<div class=\"elementor-element elementor-element-52e0fef e-con-full e-flex e-con e-child\" data-id=\"52e0fef\" data-element_type=\"container\">\n\t\t<div class=\"elementor-element elementor-element-4aa821d e-con-full e-flex e-con e-child\" data-id=\"4aa821d\" data-element_type=\"container\" data-settings=\"{&quot;background_background&quot;:&quot;classic&quot;}\">\n\t\t\t\t<div class=\"elementor-element elementor-element-ae42e1a elementor-widget elementor-widget-heading\" data-id=\"ae42e1a\" data-element_type=\"widget\" data-widget_type=\"heading.default\">\n\t\t\t\t<div class=\"elementor-widget-container\">\n\t\t\t\t\t<h2 class=\"elementor-heading-title elementor-size-default\">Instructions for Exporting and Importing<\/h2>\t\t\t\t<\/div>\n\t\t\t\t<\/div>\n\t\t\t\t<div class=\"elementor-element elementor-element-eba124f elementor-widget elementor-widget-spacer\" data-id=\"eba124f\" data-element_type=\"widget\" data-widget_type=\"spacer.default\">\n\t\t\t\t<div class=\"elementor-widget-container\">\n\t\t\t\t\t\t\t<div class=\"elementor-spacer\">\n\t\t\t<div class=\"elementor-spacer-inner\"><\/div>\n\t\t<\/div>\n\t\t\t\t\t\t<\/div>\n\t\t\t\t<\/div>\n\t\t\t\t<div class=\"elementor-element elementor-element-9f19a4f elementor-widget elementor-widget-text-editor\" data-id=\"9f19a4f\" data-element_type=\"widget\" data-widget_type=\"text-editor.default\">\n\t\t\t\t<div class=\"elementor-widget-container\">\n\t\t\t\t\t\t\t\t\t<p><strong>Are the complexities of export and import puzzling you?<\/strong><\/p><p>Here you will find guidelines for the most common transportation and freight forwarding situations.<\/p>\t\t\t\t\t\t\t\t<\/div>\n\t\t\t\t<\/div>\n\t\t\t\t<div class=\"elementor-element elementor-element-327f5f0 elementor-widget elementor-widget-spacer\" data-id=\"327f5f0\" data-element_type=\"widget\" data-widget_type=\"spacer.default\">\n\t\t\t\t<div class=\"elementor-widget-container\">\n\t\t\t\t\t\t\t<div class=\"elementor-spacer\">\n\t\t\t<div class=\"elementor-spacer-inner\"><\/div>\n\t\t<\/div>\n\t\t\t\t\t\t<\/div>\n\t\t\t\t<\/div>\n\t\t\t\t<div class=\"elementor-element elementor-element-eb7d8fc elementor-widget elementor-widget-button\" data-id=\"eb7d8fc\" data-element_type=\"widget\" data-widget_type=\"button.default\">\n\t\t\t\t<div class=\"elementor-widget-container\">\n\t\t\t\t\t\t\t\t\t<div class=\"elementor-button-wrapper\">\n\t\t\t\t\t<a class=\"elementor-button elementor-button-link elementor-size-sm\" href=\"https:\/\/tws.fi\/en\/ohjeita\/\">\n\t\t\t\t\t\t<span class=\"elementor-button-content-wrapper\">\n\t\t\t\t\t\t\t\t\t<span class=\"elementor-button-text\">Read more<\/span>\n\t\t\t\t\t<\/span>\n\t\t\t\t\t<\/a>\n\t\t\t\t<\/div>\n\t\t\t\t\t\t\t\t<\/div>\n\t\t\t\t<\/div>\n\t\t\t\t<\/div>\n\t\t\t\t<\/div>\n\t\t\t\t<\/div>\n\t\t\t\t<\/div>\n\t\t\t\t<\/div>","protected":false},"excerpt":{"rendered":"<p>https:\/\/tws.fi\/wp-content\/uploads\/2025\/04\/TWS-palvelu-kuljetuksille.mp4 Palvelut Tarvitsetko apua tavaran kuljetuksessa ja huolinnassa? Olitte sitten tuomassa l\u00e4hetyst\u00e4 Aasiasta tai viem\u00e4ss\u00e4 tavaraa maailmalle, me autamme! Ota yhteytt\u00e4 Kuljetukset Hoidamme kaikenlaiset kuljetukset ymp\u00e4ri maailman. Palveluihimme kuuluu meri-, lento-, juna- ja maantiekuljetukset. Meilt\u00e4 voit pyyt\u00e4\u00e4 apua my\u00f6s kiireellisiin l\u00e4hetyksiin. Lis\u00e4ksi hoidamme erikoisemman tavaran kuljetukset, kuten esimerkiksi kaivurit, autot ja muut suurikokoiset l\u00e4hetykset. Tullaus [&hellip;]<\/p>","protected":false},"author":2,"featured_media":0,"parent":0,"menu_order":0,"comment_status":"closed","ping_status":"closed","template":"elementor_header_footer","meta":{"footnotes":""},"class_list":["post-126","page","type-page","status-publish","hentry"],"_links":{"self":[{"href":"https:\/\/tws.fi\/en\/wp-json\/wp\/v2\/pages\/126","targetHints":{"allow":["GET"]}}],"collection":[{"href":"https:\/\/tws.fi\/en\/wp-json\/wp\/v2\/pages"}],"about":[{"href":"https:\/\/tws.fi\/en\/wp-json\/wp\/v2\/types\/page"}],"author":[{"embeddable":true,"href":"https:\/\/tws.fi\/en\/wp-json\/wp\/v2\/users\/2"}],"replies":[{"embeddable":true,"href":"https:\/\/tws.fi\/en\/wp-json\/wp\/v2\/comments?post=126"}],"version-history":[{"count":0,"href":"https:\/\/tws.fi\/en\/wp-json\/wp\/v2\/pages\/126\/revisions"}],"wp:attachment":[{"href":"https:\/\/tws.fi\/en\/wp-json\/wp\/v2\/media?parent=126"}],"curies":[{"name":"wp","href":"https:\/\/api.w.org\/{rel}","templated":true}]}}