{"id":426,"date":"2025-01-30T14:00:20","date_gmt":"2025-01-30T12:00:20","guid":{"rendered":"https:\/\/twsfi-wp29308.test.cchosting.fi\/?page_id=426"},"modified":"2025-02-21T18:18:41","modified_gmt":"2025-02-21T16:18:41","slug":"tietosuojaseloste","status":"publish","type":"page","link":"https:\/\/tws.fi\/en\/tietosuojaseloste\/","title":{"rendered":"Tietosuojaseloste"},"content":{"rendered":"<div data-elementor-type=\"wp-page\" data-elementor-id=\"426\" class=\"elementor elementor-426\" data-elementor-post-type=\"page\">\n\t\t\t\t<div class=\"elementor-element elementor-element-b8cab89 e-con-full e-flex e-con e-parent\" data-id=\"b8cab89\" data-element_type=\"container\">\n\t\t<div class=\"elementor-element elementor-element-839f60a e-con-full e-flex e-con e-child\" data-id=\"839f60a\" data-element_type=\"container\">\n\t\t\t\t<div class=\"elementor-element elementor-element-f883098 elementor-widget elementor-widget-heading\" data-id=\"f883098\" data-element_type=\"widget\" data-widget_type=\"heading.default\">\n\t\t\t\t<div class=\"elementor-widget-container\">\n\t\t\t\t\t<h1 class=\"elementor-heading-title elementor-size-default\">Tietosuojaseloste<\/h1>\t\t\t\t<\/div>\n\t\t\t\t<\/div>\n\t\t\t\t<div class=\"elementor-element elementor-element-ac16b5a elementor-widget elementor-widget-heading\" data-id=\"ac16b5a\" data-element_type=\"widget\" data-widget_type=\"heading.default\">\n\t\t\t\t<div class=\"elementor-widget-container\">\n\t\t\t\t\t<h2 class=\"elementor-heading-title elementor-size-default\">1. Rekisterinpit\u00e4j\u00e4<\/h2>\t\t\t\t<\/div>\n\t\t\t\t<\/div>\n\t\t\t\t<div class=\"elementor-element elementor-element-a4fcffe elementor-widget elementor-widget-text-editor\" data-id=\"a4fcffe\" data-element_type=\"widget\" data-widget_type=\"text-editor.default\">\n\t\t\t\t<div class=\"elementor-widget-container\">\n\t\t\t\t\t\t\t\t\t<p><strong>Yritys:<\/strong> Trans World Shipping Oy<br \/><strong>Y-tunnus:<\/strong> 1950025-9<br \/><strong>Osoite:<\/strong> Keskikatu 6 a 38 04200 Kerava<\/p>\t\t\t\t\t\t\t\t<\/div>\n\t\t\t\t<\/div>\n\t\t\t\t<div class=\"elementor-element elementor-element-ea279dc elementor-widget elementor-widget-heading\" data-id=\"ea279dc\" data-element_type=\"widget\" data-widget_type=\"heading.default\">\n\t\t\t\t<div class=\"elementor-widget-container\">\n\t\t\t\t\t<h2 class=\"elementor-heading-title elementor-size-default\">2. Yhteyshenkil\u00f6<\/h2>\t\t\t\t<\/div>\n\t\t\t\t<\/div>\n\t\t\t\t<div class=\"elementor-element elementor-element-5806d02 elementor-widget elementor-widget-text-editor\" data-id=\"5806d02\" data-element_type=\"widget\" data-widget_type=\"text-editor.default\">\n\t\t\t\t<div class=\"elementor-widget-container\">\n\t\t\t\t\t\t\t\t\t<p>Riina Nihti<br \/>riina.nihti@tws.fi<br \/>0400953570<\/p><p><strong>Trans World Shipping Oy<\/strong><br \/>Keskikatu 6 a 38 04200 Kerava<\/p>\t\t\t\t\t\t\t\t<\/div>\n\t\t\t\t<\/div>\n\t\t\t\t<div class=\"elementor-element elementor-element-568833c elementor-widget elementor-widget-heading\" data-id=\"568833c\" data-element_type=\"widget\" data-widget_type=\"heading.default\">\n\t\t\t\t<div class=\"elementor-widget-container\">\n\t\t\t\t\t<h2 class=\"elementor-heading-title elementor-size-default\">3. Mit\u00e4 tietoja ker\u00e4t\u00e4\u00e4n ja mihin tarkoitukseen?<\/h2>\t\t\t\t<\/div>\n\t\t\t\t<\/div>\n\t\t\t\t<div class=\"elementor-element elementor-element-92313d3 elementor-widget elementor-widget-text-editor\" data-id=\"92313d3\" data-element_type=\"widget\" data-widget_type=\"text-editor.default\">\n\t\t\t\t<div class=\"elementor-widget-container\">\n\t\t\t\t\t\t\t\t\t<ul><li>K\u00e4ytt\u00e4j\u00e4n antamat yhteystiedot (nimi ja s\u00e4hk\u00f6postiosoite), sek\u00e4 muut k\u00e4ytt\u00e4j\u00e4n itse antamansa tiedot asiakassuhteen hoitamiseen<\/li><li>Verkkosivuston selaus- ja k\u00e4ytt\u00f6tiedot sivustomme k\u00e4ytt\u00f6kokemuksen parantamiseen, sek\u00e4 markkinointimme kehitt\u00e4mistarkoitukseen.<\/li><\/ul>\t\t\t\t\t\t\t\t<\/div>\n\t\t\t\t<\/div>\n\t\t\t\t<div class=\"elementor-element elementor-element-0584578 elementor-widget elementor-widget-heading\" data-id=\"0584578\" data-element_type=\"widget\" data-widget_type=\"heading.default\">\n\t\t\t\t<div class=\"elementor-widget-container\">\n\t\t\t\t\t<h2 class=\"elementor-heading-title elementor-size-default\">4. Kolmannen osapuolen palvelut<\/h2>\t\t\t\t<\/div>\n\t\t\t\t<\/div>\n\t\t\t\t<div class=\"elementor-element elementor-element-03f1112 elementor-widget elementor-widget-text-editor\" data-id=\"03f1112\" data-element_type=\"widget\" data-widget_type=\"text-editor.default\">\n\t\t\t\t<div class=\"elementor-widget-container\">\n\t\t\t\t\t\t\t\t\t<p>K\u00e4ytt\u00e4m\u00e4mme kolmannen osapuolen palvelut valitaan huolella, jotta voimme varmistua siit\u00e4 ett\u00e4 he noudattavat EU:n tietosuojak\u00e4yt\u00e4nt\u00f6\u00e4, silloinkin kun henkil\u00f6tietojen k\u00e4sittely\u00e4 suoritetaan EU- ja ETA-alueen ulkopuolella. Voit tarvittaessa rajata helposti ev\u00e4steiden k\u00e4ytt\u00f6\u00e4 klikkaamalla \u201dHallinnoi suostumusta\u201d -linkki\u00e4 sivun alalaidassa.<\/p>\t\t\t\t\t\t\t\t<\/div>\n\t\t\t\t<\/div>\n\t\t\t\t<div class=\"elementor-element elementor-element-683008d elementor-widget elementor-widget-heading\" data-id=\"683008d\" data-element_type=\"widget\" data-widget_type=\"heading.default\">\n\t\t\t\t<div class=\"elementor-widget-container\">\n\t\t\t\t\t<h3 class=\"elementor-heading-title elementor-size-default\">4.1 Google analytics<\/h3>\t\t\t\t<\/div>\n\t\t\t\t<\/div>\n\t\t\t\t<div class=\"elementor-element elementor-element-b07713b elementor-widget elementor-widget-text-editor\" data-id=\"b07713b\" data-element_type=\"widget\" data-widget_type=\"text-editor.default\">\n\t\t\t\t<div class=\"elementor-widget-container\">\n\t\t\t\t\t\t\t\t\t<p>Google Analytics ker\u00e4\u00e4 tietoja sivustomme k\u00e4vij\u00e4m\u00e4\u00e4rist\u00e4, k\u00e4vij\u00e4n tulo- ja menoreiteist\u00e4 ja asettamiemme tavoitteiden toteutumisesta. Google voi k\u00e4ytt\u00e4\u00e4 tietoja my\u00f6s mainonnan kohdentamiseen. Google Analyticsi\u00e4 varten tallennetut ev\u00e4steet yksil\u00f6iv\u00e4t k\u00e4vij\u00e4n nimett\u00f6m\u00e4sti.<\/p><p><a href=\"https:\/\/policies.google.com\/technologies\/cookies?hl=fi\" rel=\"nofollow noopener\" target=\"_blank\">Lis\u00e4\u00e4 Google Analytics-ev\u00e4steist\u00e4<\/a>.<\/p>\t\t\t\t\t\t\t\t<\/div>\n\t\t\t\t<\/div>\n\t\t\t\t<div class=\"elementor-element elementor-element-a3eafef elementor-widget elementor-widget-heading\" data-id=\"a3eafef\" data-element_type=\"widget\" data-widget_type=\"heading.default\">\n\t\t\t\t<div class=\"elementor-widget-container\">\n\t\t\t\t\t<h3 class=\"elementor-heading-title elementor-size-default\">4.2 Cloudcity<\/h3>\t\t\t\t<\/div>\n\t\t\t\t<\/div>\n\t\t\t\t<div class=\"elementor-element elementor-element-7d7024d elementor-widget elementor-widget-text-editor\" data-id=\"7d7024d\" data-element_type=\"widget\" data-widget_type=\"text-editor.default\">\n\t\t\t\t<div class=\"elementor-widget-container\">\n\t\t\t\t\t\t\t\t\t<p>Sivusto sijaitsee suomalaisella Cloudcity -palvelimella, joka vastaa palvelimiensa tietoturvasta ja suojauksesta, lis\u00e4tietoa <a href=\"https:\/\/my.cloudcity.fi\/privacy\/\" rel=\"nofollow noopener\" target=\"_blank\">Cloudcityn tietosuojaselosteessa<\/a>.<\/p>\t\t\t\t\t\t\t\t<\/div>\n\t\t\t\t<\/div>\n\t\t\t\t<div class=\"elementor-element elementor-element-cbbf262 elementor-widget elementor-widget-heading\" data-id=\"cbbf262\" data-element_type=\"widget\" data-widget_type=\"heading.default\">\n\t\t\t\t<div class=\"elementor-widget-container\">\n\t\t\t\t\t<h2 class=\"elementor-heading-title elementor-size-default\">5. Henkil\u00f6tietojen s\u00e4ilytt\u00e4misaika ja suojaus<\/h2>\t\t\t\t<\/div>\n\t\t\t\t<\/div>\n\t\t\t\t<div class=\"elementor-element elementor-element-cbe146f elementor-widget elementor-widget-text-editor\" data-id=\"cbe146f\" data-element_type=\"widget\" data-widget_type=\"text-editor.default\">\n\t\t\t\t<div class=\"elementor-widget-container\">\n\t\t\t\t\t\t\t\t\t<p>Asiakassuhteen keston ajan. Rekister\u00f6ity voi pyyt\u00e4\u00e4 tietojen oikaisemista tai poistoa tietosuojas\u00e4\u00e4d\u00f6ksen mukaisesti.<\/p>\t\t\t\t\t\t\t\t<\/div>\n\t\t\t\t<\/div>\n\t\t\t\t<div class=\"elementor-element elementor-element-b7d0b76 elementor-widget elementor-widget-heading\" data-id=\"b7d0b76\" data-element_type=\"widget\" data-widget_type=\"heading.default\">\n\t\t\t\t<div class=\"elementor-widget-container\">\n\t\t\t\t\t<h2 class=\"elementor-heading-title elementor-size-default\">6. Oikeutesi<\/h2>\t\t\t\t<\/div>\n\t\t\t\t<\/div>\n\t\t\t\t<div class=\"elementor-element elementor-element-ad8239a elementor-widget elementor-widget-text-editor\" data-id=\"ad8239a\" data-element_type=\"widget\" data-widget_type=\"text-editor.default\">\n\t\t\t\t<div class=\"elementor-widget-container\">\n\t\t\t\t\t\t\t\t\t<p>Rekister\u00f6ityn\u00e4 sinulla on oikeuksia omien henkil\u00f6tietojesi tarkastamiseen, henkil\u00f6tietojesi oikaisuun ja henkil\u00f6tietojesi k\u00e4sittelyn suostumuksen peruuttamiseen.<\/p>\t\t\t\t\t\t\t\t<\/div>\n\t\t\t\t<\/div>\n\t\t\t\t<div class=\"elementor-element elementor-element-7cd796c elementor-widget elementor-widget-heading\" data-id=\"7cd796c\" data-element_type=\"widget\" data-widget_type=\"heading.default\">\n\t\t\t\t<div class=\"elementor-widget-container\">\n\t\t\t\t\t<h3 class=\"elementor-heading-title elementor-size-default\">Oikeuksien toteuttaminen<\/h3>\t\t\t\t<\/div>\n\t\t\t\t<\/div>\n\t\t\t\t<div class=\"elementor-element elementor-element-a71320e elementor-widget elementor-widget-text-editor\" data-id=\"a71320e\" data-element_type=\"widget\" data-widget_type=\"text-editor.default\">\n\t\t\t\t<div class=\"elementor-widget-container\">\n\t\t\t\t\t\t\t\t\t<p>riina.nihti@tws.fi<\/p><p>Keskikatu 6 a 38 <br \/>04200 Kerava<\/p>\t\t\t\t\t\t\t\t<\/div>\n\t\t\t\t<\/div>\n\t\t\t\t<div class=\"elementor-element elementor-element-7ff3f74 elementor-widget elementor-widget-heading\" data-id=\"7ff3f74\" data-element_type=\"widget\" data-widget_type=\"heading.default\">\n\t\t\t\t<div class=\"elementor-widget-container\">\n\t\t\t\t\t<h2 class=\"elementor-heading-title elementor-size-default\">7. Valitusoikeus<\/h2>\t\t\t\t<\/div>\n\t\t\t\t<\/div>\n\t\t\t\t<div class=\"elementor-element elementor-element-eb2dbc6 elementor-widget elementor-widget-text-editor\" data-id=\"eb2dbc6\" data-element_type=\"widget\" data-widget_type=\"text-editor.default\">\n\t\t\t\t<div class=\"elementor-widget-container\">\n\t\t\t\t\t\t\t\t\t<p>Mik\u00e4li koet, ett\u00e4 olemme k\u00e4sitelleet henkil\u00f6tietojasi t\u00e4m\u00e4n selosteen, tai voimassa olevan tietosuojalains\u00e4\u00e4d\u00e4nn\u00f6n vastaisesti, sinulla on oikeus valittaa asiasta tietosuojavaltuutetulle osoitteessa <a href=\"https:\/\/tietosuoja.fi\/ilmoitus-tietosuojavaltuutetulle\" rel=\"nofollow noopener\" target=\"_blank\">https:\/\/tietosuoja.fi\/ilmoitus-tietosuojavaltuutetulle<\/a><\/p>\t\t\t\t\t\t\t\t<\/div>\n\t\t\t\t<\/div>\n\t\t\t\t<\/div>\n\t\t\t\t<\/div>\n\t\t\t\t<\/div>","protected":false},"excerpt":{"rendered":"<p>Tietosuojaseloste 1. Rekisterinpit\u00e4j\u00e4 Yritys: Trans World Shipping OyY-tunnus: 1950025-9Osoite: Keskikatu 6 a 38 04200 Kerava 2. Yhteyshenkil\u00f6 Riina Nihtiriina.nihti@tws.fi0400953570 Trans World Shipping OyKeskikatu 6 a 38 04200 Kerava 3. Mit\u00e4 tietoja ker\u00e4t\u00e4\u00e4n ja mihin tarkoitukseen? K\u00e4ytt\u00e4j\u00e4n antamat yhteystiedot (nimi ja s\u00e4hk\u00f6postiosoite), sek\u00e4 muut k\u00e4ytt\u00e4j\u00e4n itse antamansa tiedot asiakassuhteen hoitamiseen Verkkosivuston selaus- ja k\u00e4ytt\u00f6tiedot sivustomme k\u00e4ytt\u00f6kokemuksen [&hellip;]<\/p>","protected":false},"author":2,"featured_media":0,"parent":0,"menu_order":0,"comment_status":"closed","ping_status":"closed","template":"elementor_header_footer","meta":{"footnotes":""},"class_list":["post-426","page","type-page","status-publish","hentry"],"_links":{"self":[{"href":"https:\/\/tws.fi\/en\/wp-json\/wp\/v2\/pages\/426","targetHints":{"allow":["GET"]}}],"collection":[{"href":"https:\/\/tws.fi\/en\/wp-json\/wp\/v2\/pages"}],"about":[{"href":"https:\/\/tws.fi\/en\/wp-json\/wp\/v2\/types\/page"}],"author":[{"embeddable":true,"href":"https:\/\/tws.fi\/en\/wp-json\/wp\/v2\/users\/2"}],"replies":[{"embeddable":true,"href":"https:\/\/tws.fi\/en\/wp-json\/wp\/v2\/comments?post=426"}],"version-history":[{"count":0,"href":"https:\/\/tws.fi\/en\/wp-json\/wp\/v2\/pages\/426\/revisions"}],"wp:attachment":[{"href":"https:\/\/tws.fi\/en\/wp-json\/wp\/v2\/media?parent=426"}],"curies":[{"name":"wp","href":"https:\/\/api.w.org\/{rel}","templated":true}]}}